{"id":9,"date":"2019-07-16T16:47:36","date_gmt":"2019-07-16T16:47:36","guid":{"rendered":"https:\/\/qradmin.it\/?page_id=9"},"modified":"2022-01-04T10:17:48","modified_gmt":"2022-01-04T10:17:48","slug":"mesmerize","status":"publish","type":"page","link":"https:\/\/qradmin.it\/","title":{"rendered":"Front Page"},"content":{"rendered":"<div  id=\"overlappable-4\" style=\"background-color: #ffffff;\" data-label=\"Overlappable\" data-id=\"overlappable-4\" data-export-id=\"overlappable-4\" data-category=\"overlappable\" class=\"overlappable-4 content-section content-section-spacing\" data-overlap=\"true\"><div  class=\"gridContainer\"> <div  data-type=\"row\" class=\"row spaced-cols text-center\"><div  class=\"col-xs-12 col-sm-4 col-padding col-md-4 \"> <i  class=\"fa icon shadow-large-black aligncenter color1 fa-qrcode reverse round large\"><\/i> <div  data-type=\"column\" class=\"\"> <h5  class=\"\">Il Circuito<\/h5> <p  class=\"\">Circuito che coopera e si interfaccia trasparentemente con MioCondominioWeb, BuonoDigitale e Collabora.<\/p><\/div> <\/div> <div  class=\"col-xs-12 col-sm-4 col-padding col-md-4 \"> <i  class=\"fa icon shadow-large-black aligncenter color1 fa-angellist reverse round large\"><\/i> <div  data-type=\"column\" class=\"\"><h5  class=\"\">La Professionalit\u00e0<\/h5> <p  class=\"\">\u00c8 un circuito al quale, tramite Collabora, aderiscono le aziende, \n<br >le ditte individuali \n<br >e gli artigiani che desiderano offrire competenza e professionalit\u00e0 nel pieno rispetto della sicurezza.<\/p><\/div> <\/div> <div  class=\"col-xs-12 col-sm-4 col-padding col-md-4 \"> <i  class=\"fa icon shadow-large-black aligncenter color1 fa-check-circle reverse round large\"><\/i> <div  data-type=\"column\" class=\"\"><h5  class=\"\">Il controllo<\/h5> <p  class=\"\">Offre la possibilit\u00e0 di sapere che nella tua propriet\u00e0, nel tuo condomino, hanno lavorato aziende professionali iscritte al circuito.<\/p><\/div> <\/div><div  class=\"col-xs-12 col-sm-4 col-padding col-md-4 \"> <i  class=\"fa icon shadow-large-black aligncenter color1 fa-group reverse round large\"><\/i> <div  data-type=\"column\" class=\"\"> <h5  class=\"\">A chi \u00e8 utile<\/h5> <p  class=\"\">QR Admin mette in contatto chi necessita di un servizio e cerca la seriet\u00e0 professionale con le imprese controllate dal circuito stesso.<\/p><\/div> <\/div><div  class=\"col-xs-12 col-sm-4 col-padding col-md-4 \"> <i  class=\"fa icon shadow-large-black aligncenter color1 fa-sitemap reverse round large\"><\/i> <div  data-type=\"column\" class=\"\"> <h5  class=\"\">A chi \u00e8 rivolto<\/h5> <p  class=\"\">QR Admin \u00e8 un circuito che offre ai privati ed agli amministratori di condominio la sicurezza di avvalersi di imprese con requisiti tecnico professionali verificati.<\/p><\/div> <\/div><div  class=\"col-xs-12 col-sm-4 col-padding col-md-4 \"> <i  class=\"fa icon shadow-large-black aligncenter color1 fa-cogs reverse round large\"><\/i> <div  data-type=\"column\" class=\"\"> <h5  class=\"\">Cosa offre<\/h5> <p  class=\"\">Alle aziende che offrono lavoro tramite Collabora e a coloro che cercano aziende con requisiti tecnico professionali verificati tramite MioCondominioWeb e BuonoDigitale<\/p><\/div> <\/div><\/div> <\/div><\/div><div  id=\"cta-1\" data-label=\"Cta\" data-id=\"cta-blue-section\" data-export-id=\"cta-blue-section\" data-category=\"cta\" class=\"cta-blue-section content-section content-section-spacing-medium bg-color1 white-text\"><div  class=\"gridContainer\"> <div  class=\"row middle-xs\"><div  class=\"col-sm-8 space-bottom-xs\" data-type=\"column\"> <h2  class=\"\">Richiedi la targa! &nbsp; &nbsp;&nbsp;<span  style=\"font-weight: 300;\">\u00c8 facile\u2026<\/span><\/h2> <\/div> <div  class=\"col-sm-4 end-sm\" data-type=\"column\"> <a class=\"button color2\" href=\"#contact-1\" target=\"_self\" data-cp-link=\"1\" rel=\"noopener\">Richiedila ora!<\/a><\/div> <\/div><\/div> <\/div><div  id=\"about-1\" style=\"background-color: #f5fafd;\" data-label=\"About\" data-id=\"about-1\" data-export-id=\"about-1\" data-category=\"about\" class=\"about-1 content-section\"><div  class=\"gridContainer\"> <div  class=\"row text-center\"><div  class=\"section-title-col\" data-type=\"column\"> <h5  class=\"\">La sicurezza passiva si attiva se ben gestita.<\/h5> <h2  class=\"\">QR Admin offre la gestione semplificata ed automatizzata dei&nbsp;<span  href=\"#\" style=\"font-weight: 700; font-family: Playfair Display,sans-serif; font-style: italic;\">legami tra le aziende.<\/span><\/h2> <p  class=\"lead\">Aderire a circuito ci permette di tenere sotto controllo le aziende che decidono di farne parte, garantendo cos\u00ec lo scambio documentale e la professionalit\u00e0, consolidandone il rapporto.\n<br >Con la timbratura presso il luogo di lavoro si garantisce un pi\u00f9 alto grado di sicurezza in caso di pericolo, mettendo a conoscenza&nbsp;chi interviene della presenza di personale in pericolo.\n<br >Sapere con chi stai lavorando e dove, \u00e8 una condizione che migliora l\u2019 efficacia della sicurezza stessa.<\/p><\/div> <\/div> <div  class=\"row\"> <div  class=\"button-holder space-bottom space-bottom-small\" data-type=\"column\"> <\/div> <div  class=\"col-xs bottom-xs flexbox image-group-bottom-3-img space-bottom-xs center-xs\"> <img  class=\"left-img shadow-large-black\" data-size=\"500x300\" src=\"https:\/\/qradmin.it\/wp-content\/uploads\/2019\/07\/bond3.png\" alt=\"\" title=\"bond3\"> <img  class=\"center-img shadow-large-black\" data-size=\"500x300\" src=\"https:\/\/qradmin.it\/wp-content\/uploads\/2019\/07\/bond.png\" alt=\"\" title=\"bond\"> <img  class=\"right-img shadow-large-black\" data-size=\"500x300\" src=\"https:\/\/qradmin.it\/wp-content\/uploads\/2019\/07\/bond2.png\" alt=\"\" title=\"bond2\"><\/div> <\/div><\/div> <\/div><div  id=\"features-3\" style=\"background-color: #ffffff;\" data-label=\"Features\" data-id=\"features-12-card-bordered\" data-export-id=\"features-12-card-bordered\" data-category=\"features\" class=\"features-12-card-bordered content-section content-section-spacing \"><div  class=\"gridContainer\"> <div  class=\"row text-center\"><div  class=\"section-title-col\" data-type=\"column\"> <h2  class=\"\">Rende pratico il tuo lavoro in 4 passaggi.<\/h2> <p  class=\"lead\">4 semplici passaggi ti garantirano la presenza all\u2019 interno del circuito.\n<br >Le targhe personalizzate e gestite da QR Admin, apposte in ogni edificio o luogo di lavoro, renderanno pi\u00f9 sicuro il tuo lavoro per mezzo della marcatura sull\u2019 apposito qrcode ed altres\u00ec permetter\u00e0 agli aventi diritto di monitorare l\u2019avvenuta presenza.<\/p><\/div> <\/div> <div  class=\"row spaced-cols\" data-type=\"row\"> <div  class=\"col-sm-6\"> <div  class=\"card row-card bordered y-move\"> <div  class=\"row\"> <div  class=\"col-sm-fit icon-column\"> <i  class=\"fa icon color2 fa-angellist bordered round\"><\/i> <\/div> <div  class=\"col-sm\" data-type=\"column\"> <h5  class=\"color2\">ADESIONE<\/h5> <p  class=\"\">Per affiliarsi \u00e8 necessario aderire al circuito accettando le modalit\u00e0 con l\u2019 obbligo di apporre la targa del circuito nel luogo in questione.<\/p><\/div> <\/div><\/div> <\/div> <div  class=\"col-sm-6\"> <div  class=\"card row-card bordered y-move\"> <div  class=\"row\"> <div  class=\"col-sm-fit icon-column\"> <i  class=\"fa icon color2 fa-drivers-license-o bordered round\"><\/i> <\/div> <div  class=\"col-sm\" data-type=\"column\"> <h5  class=\"color2\">TARGA<\/h5> <p  class=\"\">La targa verr\u00e0 generata ed inviata da QR Admin secondo dei precisi standard e dovr\u00e0 essere posta presso il luogo per cui \u00e8 stata richiesta.<\/p><\/div> <\/div><\/div> <\/div> <div  class=\"col-sm-6\"> <div  class=\"card row-card bordered y-move\"> <div  class=\"row\"> <div  class=\"col-sm-fit icon-column\"> <a data-cp-link=\"1\" href=\"#\" target=\"_self\" rel=\"noopener\"><i  class=\"fa icon color2 fa-chain bordered round\"><\/i><\/a> <\/div> <div  class=\"col-sm\" data-type=\"column\"> <h5  class=\"color2\">LEGAMI<\/h5> <p  class=\"\">Crea i legami con le aziende con cui vuoi collaborare, inserisci i tuoi documenti di regolarit\u00e0 che verranno condivisi automaticamente.<\/p><\/div> <\/div><\/div> <\/div> <div  class=\"col-sm-6\"> <div  class=\"card row-card bordered y-move\"> <div  class=\"row\"> <div  class=\"col-sm-fit icon-column\"> <i  class=\"fa icon color2 fa-eye bordered round\"><\/i> <\/div> <div  class=\"col-sm\" data-type=\"column\"> <h5  class=\"color2\">SICUREZZA<\/h5> <p  class=\"\">Aderendo sarai in grado di far conoscere la tua presenza nel cantiere o posto di lavoro, garantendo a chi si occupa di sicurezza, la possibilit\u00e0 di identificarti.<\/p><\/div> <\/div><\/div> <\/div><\/div> <\/div><\/div><div  id=\"content-13\" style=\"background-color: #f5fafd;\" data-label=\"Content\" data-id=\"content-2\" data-export-id=\"content-2\" data-category=\"content\" class=\"content-2 content-section content-section-spacing\"><div > <div  class=\"row middle-xs\"><div  class=\"col-sm-5 bg-image shadow-large-black\" data-bg=\"image\" style=\"background-image: url(&quot;https:\/\/qradmin.it\/wp-content\/uploads\/2019\/07\/interior004.png&quot;);\"><\/div> <div  class=\"col-sm-7 full-col-left-padding full-col-right-padding\"> <div  class=\"row\"> <div  data-type=\"column\" class=\"space-bottom-small content-title-col\">  <h2  class=\"\">Il segreto del successo<\/h2><h5  class=\"\">Meno tempo = Pi\u00f9 soldi<\/h5> <p  class=\"\">Un unico interlocutore che ti aiuta a distribuire servizi integrati, con la semplicit\u00e0 di gestirli ed automatizzarli, rendendo cos\u00ec il tuo tempo pi\u00f9 proficuo.<\/p><\/div> <\/div> <div  class=\"row spaced-cols \" data-type=\"row\"> <div  class=\"col-xs-6\" data-type=\"column\"> <h5  class=\"\">MioCondomioWeb<\/h5> <p  class=\"\">Piattaforma dedicata agli amministratori ed ai proprietari per la gestione dei legami tra le aziende&nbsp; che offrono servizi allo stabile.<\/p><\/div> <div  class=\"col-xs-6\" data-type=\"column\"><h5  class=\"\">BuonoDigitale<\/h5> <p  class=\"\">Piattaforma dedicata alle aziende per la gestione dei legami tra i fornitori&nbsp; che offrono servizi all\u2019 interno della propria azienda.<\/p><\/div> <div  class=\"col-xs-6\" data-type=\"column\"><h5  class=\"\">Collabora<\/h5> <p  class=\"\">Piattaforna dedicata alle aziende fornitrici di servizi che si integra con MioCondominioWeb e BuonoDigitale.<\/p><\/div> <div  class=\"col-xs-6\" data-type=\"column\"><h5  class=\"\">TDM<\/h5> <p  class=\"\">Interfaccia di scambio dati per le aziende che hanno la propria soluzione gestionale da poter integrare in MioCondominioWeb o Buono Digitale.<\/p><\/div> <\/div><\/div> <\/div><\/div> <\/div><div  data-label=\"Portfolio\" data-id=\"portfolio--2\" data-export-id=\"portfolio-4\" data-category=\"portfolio\" class=\"portfolio-4 content-section content-section-spacing-top\" id=\"portfolio-2\" style=\"background-color: rgb(255, 255, 255);\"><div  class=\"\"> <div  class=\"row text-center\"><div  class=\"section-title-col\" data-type=\"column\"> <h2  class=\"\">Servizi gestiti da QR Admin<\/h2> <p  class=\"lead\">Panoramica delle soluzioni integrate che si interfacciano con QR Admin per mezzo di MioCondominioWeb, BuonoDigitale, Collabora e applicazioni di terzi.<\/p><\/div> <\/div> <div  data-type=\"row\" class=\"row\" data-fixed=\"true\"> <div  class=\"col-xs-12 col-sm-3 no-gutter-col col-md-4\"> <div  class=\"contentswap-effect\" data-hover-fx=\"portfolio-4\"> <div  class=\"initial-image\"> <img  data-size=\"542x360\" src=\"https:\/\/qradmin.it\/wp-content\/uploads\/2019\/07\/cropped-bond2.png\"><\/div> <div  class=\"overlay bg-color1\"><\/div> <div  class=\"swap-inner col-xs-12\"> <div  class=\"row full-height-row middle-xs middle-sm\"> <div  class=\"col-xs-12 text-center content-holder\"> <a href=\"#\" target=\"_self\" rel=\"noopener\"><i  class=\"fa icon portfolio-icon fa-american-sign-language-interpreting big\" aria-hidden=\"true\"><\/i><\/a><\/div> <\/div><\/div> <\/div><\/div> <div  class=\"col-xs-12 col-sm-3 no-gutter-col col-md-4\"><div  class=\"contentswap-effect\" data-hover-fx=\"portfolio-4\"> <div  class=\"initial-image\"> <img  data-size=\"542x360\" src=\"https:\/\/qradmin.it\/wp-content\/uploads\/2019\/08\/cropped-consumi2.jpg\"><\/div> <div  class=\"overlay bg-color1\"><\/div> <div  class=\"swap-inner col-xs-12\"> <div  class=\"row full-height-row middle-xs middle-sm\"> <div  class=\"col-xs-12 text-center content-holder\"> <a href=\"#\" target=\"_self\" rel=\"noopener\"><i  class=\"fa icon portfolio-icon fa-line-chart big\" aria-hidden=\"true\"><\/i><\/a><\/div> <\/div><\/div> <\/div><\/div> <div  class=\"col-xs-12 col-sm-3 no-gutter-col col-md-4\"><div  class=\"contentswap-effect\" data-hover-fx=\"portfolio-4\"> <div  class=\"initial-image\"> <img  data-size=\"542x360\" src=\"https:\/\/qradmin.it\/wp-content\/uploads\/2019\/08\/cropped-servizi_famiglie.jpg\"><\/div> <div  class=\"overlay bg-color1\"><\/div> <div  class=\"swap-inner col-xs-12\"> <div  class=\"row full-height-row middle-xs middle-sm\"> <div  class=\"col-xs-12 text-center content-holder\"> <a href=\"#\" target=\"_self\" rel=\"noopener\"><i  class=\"fa icon portfolio-icon fa-heart big\" aria-hidden=\"true\"><\/i><\/a><\/div> <\/div><\/div> <\/div><\/div> <div  class=\"col-xs-12 col-sm-3 no-gutter-col col-md-4\"><div  class=\"contentswap-effect\" data-hover-fx=\"portfolio-4\"> <div  class=\"initial-image\"> <img  data-size=\"542x360\" src=\"https:\/\/qradmin.it\/wp-content\/uploads\/2019\/08\/cropped-sicurezza.jpg\"><\/div> <div  class=\"overlay bg-color1\"><\/div> <div  class=\"swap-inner col-xs-12\"> <div  class=\"row full-height-row middle-xs middle-sm\"> <div  class=\"col-xs-12 text-center content-holder\"> <a href=\"#\" target=\"_self\" rel=\"noopener\"><i  class=\"fa icon portfolio-icon fa-shield big\" aria-hidden=\"true\"><\/i><\/a><\/div> <\/div><\/div> <\/div><\/div> <div  class=\"col-xs-12 col-sm-3 no-gutter-col col-md-4\"><div  class=\"contentswap-effect\" data-hover-fx=\"portfolio-4\"> <div  class=\"initial-image\"> <img  data-size=\"542x360\" src=\"https:\/\/qradmin.it\/wp-content\/uploads\/2019\/07\/cropped-nfc_qra.png\"><\/div> <div  class=\"overlay bg-color1\"><\/div> <div  class=\"swap-inner col-xs-12\"> <div  class=\"row full-height-row middle-xs middle-sm\"> <div  class=\"col-xs-12 text-center content-holder\"> <a href=\"#\" target=\"_self\" rel=\"noopener\"><i  class=\"fa icon portfolio-icon fa-qrcode big\" aria-hidden=\"true\"><\/i><\/a><\/div> <\/div><\/div> <\/div><\/div> <div  class=\"col-xs-12 col-sm-3 no-gutter-col col-md-4\"><div  class=\"contentswap-effect\" data-hover-fx=\"portfolio-4\"> <div  class=\"initial-image\"> <img  data-size=\"542x360\" src=\"https:\/\/qradmin.it\/wp-content\/uploads\/2019\/08\/cropped-immobiliare.jpg\"><\/div> <div  class=\"overlay bg-color1\"><\/div> <div  class=\"swap-inner col-xs-12\"> <div  class=\"row full-height-row middle-xs middle-sm\"> <div  class=\"col-xs-12 text-center content-holder\"> <a href=\"#\" target=\"_self\" rel=\"noopener\"><i  class=\"fa icon portfolio-icon fa-key big\" aria-hidden=\"true\"><\/i><\/a><\/div> <\/div><\/div> <\/div><\/div>   <\/div><\/div> <\/div><div  id=\"testimonials-5\" style=\"background-color: #ffffff;\" data-label=\"Testimonials\" data-id=\"testimonials-5\" data-export-id=\"testimonials-5\" data-category=\"testimonials\" class=\"testimonials-5 content-section content-section-spacing\"><div  class=\"gridContainer\"> <div  class=\"row\"><div  data-type=\"column\" class=\"section-title-col\"> <h2  class=\"\">Targhe<\/h2> <p  class=\"lead\">Scegli la tipologia di targa che ti interessa:<\/p><\/div> <\/div> <div  class=\"row spaced-cols content-center-sm\" data-type=\"row\"> <div  class=\"col-sm-4\"> <div  class=\"card y-move bordered\" data-type=\"column\"> <img  class=\"custom-image\" src=\"https:\/\/qradmin.it\/wp-content\/uploads\/2022\/01\/targa_3_3_2.png\" alt=\"\" title=\"targa_3_3_2\"><i  class=\"fa fa-quote-right icon color1 small quotation-icon\"><\/i> <p  class=\"text-center\">Targa che comprende anche tutti i dati dell\u2019 amministratore che aderisce al circuito.<\/p><h5  class=\"\">Via condominio<\/h5>   <p  class=\"small italic\">Nome amministratore<\/p><\/div> <\/div> <div  class=\"col-sm-4\"> <div  class=\"card y-move bordered\" data-type=\"column\"> <img  class=\"custom-image\" src=\"https:\/\/qradmin.it\/wp-content\/uploads\/2022\/01\/targa_2_6-1.png\" alt=\"\" title=\"targa_2_6\"><i  class=\"fa fa-quote-right icon color1 small quotation-icon\"><\/i><p  class=\"text-center\">Targa del circuito QR Admin da apporre vicina a quella dell\u2019 amministratore con i dati del circuito<\/p>   <h6  class=\"\">MioCondominioWeb<\/h6> <p  class=\"small italic\">QR Admin<\/p><\/div> <\/div> <div  class=\"col-sm-4\"> <div  class=\"card y-move bordered\" data-type=\"column\">  <img  class=\"custom-image\" src=\"https:\/\/qradmin.it\/wp-content\/uploads\/2022\/01\/targa_2_6.png\" alt=\"\" title=\"targa_2_6\"><i  class=\"fa fa-quote-right icon color1 small quotation-icon\"><\/i><p  class=\"text-center\">Targa del circuito QR Admin dedicata alle aziende aderenti al \n<br >circuito QR Admin<\/p>  <h6  class=\"\">Buono Digitale<\/h6> <p  class=\"small italic\">QR Admin<\/p><\/div> <\/div><\/div> <\/div><\/div><div  id=\"contact-1\" data-label=\"Contact\" data-id=\"contact-1\" data-export-id=\"contact-1\" data-category=\"contact\" class=\"contact-1 content-section content-section-spacing white-text\" data-parallax-depth=\"20\" style=\"background-image: url(&quot;https:\/\/qradmin.it\/wp-content\/uploads\/2019\/07\/form_bg.png&quot;); background-size: cover; background-position: center top;\"><div  class=\"gridContainer\"> <div  class=\"row text-center\"><div  class=\"section-title-col\" data-type=\"column\"> <h2  class=\"\">Contattaci<\/h2> <\/div> <\/div> <div  class=\"row text-center\"> <div  class=\"col-xs-12 col-sm-8 col-sm-offset-2 contact-form-wrapper inline-info\"> <div  class=\"card large-padding\"> <div  class=\"\" data-content-shortcode=\"mesmerize_contact_form shortcode=&quot;wpforms id=&amp;amp;quot;44&amp;amp;quot; title=&amp;amp;quot;false&amp;amp;quot; description=&amp;amp;quot;false&amp;amp;quot;&quot;\" data-editable=\"true\"><div class=\"wpforms-container wpforms-container-full\" id=\"wpforms-44\"><form id=\"wpforms-form-44\" class=\"wpforms-validate wpforms-form\" data-formid=\"44\" method=\"post\" enctype=\"multipart\/form-data\" action=\"\/index.php?rest_route=%2Fwp%2Fv2%2Fpages%2F9\" data-token=\"b0daa0ddda198eee34cd5d0fb12380c1\"><noscript class=\"wpforms-error-noscript\">Abilita JavaScript nel browser per completare questo modulo.<\/noscript><div class=\"wpforms-field-container\"><div id=\"wpforms-44-field_0-container\" class=\"wpforms-field wpforms-field-name\" data-field-id=\"0\"><label class=\"wpforms-field-label\" for=\"wpforms-44-field_0\">Nome <span class=\"wpforms-required-label\">*<\/span><\/label><div class=\"wpforms-field-row wpforms-field-large\"><div class=\"wpforms-field-row-block wpforms-first wpforms-one-half\"><input type=\"text\" id=\"wpforms-44-field_0\" class=\"wpforms-field-name-first wpforms-field-required\" name=\"wpforms[fields][0][first]\" placeholder=\"Nome\" required><label for=\"wpforms-44-field_0\" class=\"wpforms-field-sublabel after wpforms-sublabel-hide\">Nome<\/label><\/div><div class=\"wpforms-field-row-block wpforms-one-half\"><input type=\"text\" id=\"wpforms-44-field_0-last\" class=\"wpforms-field-name-last wpforms-field-required\" name=\"wpforms[fields][0][last]\" placeholder=\"Cognome\" required><label for=\"wpforms-44-field_0-last\" class=\"wpforms-field-sublabel after wpforms-sublabel-hide\">Cognome<\/label><\/div><\/div><\/div><div id=\"wpforms-44-field_3-container\" class=\"wpforms-field wpforms-field-number\" data-field-id=\"3\"><label class=\"wpforms-field-label\" for=\"wpforms-44-field_3\">Tel.<\/label><input type=\"number\" pattern=\"\\d*\" id=\"wpforms-44-field_3\" class=\"wpforms-field-medium\" name=\"wpforms[fields][3]\" placeholder=\"Il tuo numero di telefono\" ><\/div><div id=\"wpforms-44-field_1-container\" class=\"wpforms-field wpforms-field-email\" data-field-id=\"1\"><label class=\"wpforms-field-label\" for=\"wpforms-44-field_1\">Email <span class=\"wpforms-required-label\">*<\/span><\/label><input type=\"email\" id=\"wpforms-44-field_1\" class=\"wpforms-field-large wpforms-field-required\" name=\"wpforms[fields][1]\" placeholder=\"es. utente@servizio.it\" spellcheck=\"false\" required><\/div><div id=\"wpforms-44-field_2-container\" class=\"wpforms-field wpforms-field-textarea\" data-field-id=\"2\"><label class=\"wpforms-field-label\" for=\"wpforms-44-field_2\">Commento o Messaggio <span class=\"wpforms-required-label\">*<\/span><\/label><textarea id=\"wpforms-44-field_2\" class=\"wpforms-field-large wpforms-field-required\" name=\"wpforms[fields][2]\" placeholder=\"Richiedici informazioni su QRAdmin\" required><\/textarea><\/div><\/div><!-- .wpforms-field-container --><div class=\"wpforms-field wpforms-field-hp\"><label for=\"wpforms-44-field-hp\" class=\"wpforms-field-label\">Phone<\/label><input type=\"text\" name=\"wpforms[hp]\" id=\"wpforms-44-field-hp\" class=\"wpforms-field-medium\"><\/div><div class=\"wpforms-recaptcha-container wpforms-is-recaptcha\" ><div class=\"g-recaptcha\" data-sitekey=\"6LeUXcEUAAAAAOI2NbVpy4x8OVFTN9srIndmdk4Y\"><\/div><input type=\"text\" name=\"g-recaptcha-hidden\" class=\"wpforms-recaptcha-hidden\" style=\"position:absolute!important;clip:rect(0,0,0,0)!important;height:1px!important;width:1px!important;border:0!important;overflow:hidden!important;padding:0!important;margin:0!important;\" data-rule-recaptcha=\"1\"><\/div><div class=\"wpforms-submit-container\" ><input type=\"hidden\" name=\"wpforms[id]\" value=\"44\"><input type=\"hidden\" name=\"wpforms[author]\" value=\"2\"><button type=\"submit\" name=\"wpforms[submit]\" id=\"wpforms-submit-44\" class=\"wpforms-submit button color1\" data-alt-text=\"Sto trasmettendo...\" data-submit-text=\"Invia la richiesta\" aria-live=\"assertive\" value=\"wpforms-submit\">Invia la richiesta<\/button><\/div><\/form><\/div>  <!-- .wpforms-container --><\/div><\/div> <\/div><\/div> <\/div><\/div>","protected":false},"excerpt":{"rendered":"<p>Il Circuito Circuito che coopera e si interfaccia trasparentemente con MioCondominioWeb, BuonoDigitale e Collabora. La Professionalit\u00e0 \u00c8 un circuito al quale, tramite Collabora, aderiscono le aziende, le ditte individuali e gli artigiani che desiderano offrire competenza e professionalit\u00e0 nel pieno rispetto della sicurezza. Il controllo Offre la possibilit\u00e0 di sapere che nella tua propriet\u00e0, nel&hellip; <br \/> <a class=\"read-more\" href=\"https:\/\/qradmin.it\/\">Leggi tutto<\/a><\/p>\n","protected":false},"author":2,"featured_media":0,"parent":0,"menu_order":0,"comment_status":"closed","ping_status":"closed","template":"page-templates\/homepage.php","meta":[],"_links":{"self":[{"href":"https:\/\/qradmin.it\/index.php?rest_route=\/wp\/v2\/pages\/9"}],"collection":[{"href":"https:\/\/qradmin.it\/index.php?rest_route=\/wp\/v2\/pages"}],"about":[{"href":"https:\/\/qradmin.it\/index.php?rest_route=\/wp\/v2\/types\/page"}],"author":[{"embeddable":true,"href":"https:\/\/qradmin.it\/index.php?rest_route=\/wp\/v2\/users\/2"}],"replies":[{"embeddable":true,"href":"https:\/\/qradmin.it\/index.php?rest_route=%2Fwp%2Fv2%2Fcomments&post=9"}],"version-history":[{"count":98,"href":"https:\/\/qradmin.it\/index.php?rest_route=\/wp\/v2\/pages\/9\/revisions"}],"predecessor-version":[{"id":419,"href":"https:\/\/qradmin.it\/index.php?rest_route=\/wp\/v2\/pages\/9\/revisions\/419"}],"wp:attachment":[{"href":"https:\/\/qradmin.it\/index.php?rest_route=%2Fwp%2Fv2%2Fmedia&parent=9"}],"curies":[{"name":"wp","href":"https:\/\/api.w.org\/{rel}","templated":true}]}}